{"id":2365,"date":"2024-04-15T18:48:16","date_gmt":"2024-04-15T16:48:16","guid":{"rendered":"https:\/\/kolula.com\/?page_id=2365"},"modified":"2025-12-10T11:30:39","modified_gmt":"2025-12-10T09:30:39","slug":"software","status":"publish","type":"page","link":"https:\/\/www.kolula.com\/en\/software\/","title":{"rendered":"Software"},"content":{"rendered":"<section id='acf-block-66b3721af1fb8' class=\"header-text bg-bg-default text-text-default dark:!text-light dark:!bg-dark pt-12 md:py-36 xl:py-0\">\n    <div class=\"container px-xs mx-auto xl:max-h-[1000px] flex flex-col justify-center align-left\">\n                    <h1 class=\"font-bold display header-text-headline\"><span>Software<\/span> for smart locker systems<\/h1>\n                    <p class=\"pt-4 pb-6 typo-body xl:pb-12 lg:w-1\/2\">Aufbauend auf unserer Erfahrung in der personenfreien Sportger\u00e4tevermietung (\u00fcber 40.000 Kunden!) haben wir eine praxistaugliche Software f\u00fcr Smart-Locker-Systeme entwickelt. Sie ist modular aufgebaut und l\u00e4sst sich flexibel f\u00fcr verschiedene Anwendungsf\u00e4lle und Gesch\u00e4ftsszenarien einsetzen. Dank einer Nutzerzentrierten Entwicklung ist sie intuitiv bedienbar. Sie ist dar\u00fcber hinaus mandantenf\u00e4hig, einfach konfigurier- und integrierbar und hardware-agnostisch.<\/p>\n                            <div class=\"flex flex-col items-center gap-3 md:flex-row header-buttons py-md md:py-2xl lg:py-3xl\">\n                        <a target=\"\" href=\"#user\" class=\"btn-big text-left lg:text-right bg-bg-lila text-text-white white-arrow\">\n            The Web-App for end users        <\/a>\n                <a target=\"\" href=\"#app\" class=\"btn-big text-left lg:text-right bg-bg-lila text-text-white white-arrow\">\n            The Web-App for service operators         <\/a>\n                <a target=\"\" href=\"#adminpanel\" class=\"btn-big text-left lg:text-right bg-bg-lila text-text-white white-arrow\">\n            The admin panel for you         <\/a>\n                    <\/div>\n                \n    <\/div>\n<\/section>\n\n<section id='user' class=\"text-image-module overflow-hidden bg-bg-default text-text-default\">\n    <div class=\"dark:!text-white dark:!bg-dark\">\n        <div class=\" px-xs   container py-md mx-auto text-image\">\n            <div class=\"typo-body mx-auto grid md:grid-cols-2 gap-x-10 align-left\">\n                <div class=\"text-image__image relative z-10 mb-0 order-1 mt-4 md:mt-8\"> <img loading=\"lazy\" decoding=\"async\" width=\"800\" height=\"540\" src=\"https:\/\/www.kolula.com\/wp-content\/uploads\/2024\/08\/a4d0c806-4285-459b-8556-8828fe9ec2a6.jpg\" class=\"z-10\" alt=\"\" srcset=\"https:\/\/www.kolula.com\/wp-content\/uploads\/2024\/08\/a4d0c806-4285-459b-8556-8828fe9ec2a6.jpg 800w, https:\/\/www.kolula.com\/wp-content\/uploads\/2024\/08\/a4d0c806-4285-459b-8556-8828fe9ec2a6-300x203.jpg 300w, https:\/\/www.kolula.com\/wp-content\/uploads\/2024\/08\/a4d0c806-4285-459b-8556-8828fe9ec2a6-768x518.jpg 768w\" sizes=\"auto, (max-width: 800px) 100vw, 800px\" \/>                    \n                                    <\/div>\n                <div class=\"text-image__col1 py-4 lg:py-10 flex flex-col justify-center left\">\n                    <h2 class='headline-element align-left  mb-4 md:mb-8'>Web app for end-users<\/h2><div class='text-element align-left '><p style=\"font-weight: 400;\"><span class=\"TextRun SCXW163362946 BCX0\" lang=\"EN-US\" xml:lang=\"EN-US\" data-contrast=\"auto\"><span class=\"NormalTextRun SCXW163362946 BCX0\">The<\/span> <span class=\"NormalTextRun SCXW163362946 BCX0\">customer<\/span><span class=\"NormalTextRun SCXW163362946 BCX0\"> can select and book<\/span> <span class=\"NormalTextRun SCXW163362946 BCX0\">the <\/span><span class=\"NormalTextRun SCXW163362946 BCX0\">desired product or service <\/span><span class=\"NormalTextRun SCXW163362946 BCX0\">in just a few steps via the end-user app<\/span><span class=\"NormalTextRun SCXW163362946 BCX0\">. Similarly, the customer can access t<\/span><span class=\"NormalTextRun SCXW163362946 BCX0\">he corresponding locker. All common payment methods can be conveniently used. Problems and <\/span><span class=\"NormalTextRun SCXW163362946 BCX0\">damage<\/span><span class=\"NormalTextRun SCXW163362946 BCX0\"> can also be reported via the app. Integration into other existing apps (<\/span><span class=\"NormalTextRun SCXW163362946 BCX0\">e.g.<\/span><span class=\"NormalTextRun SCXW163362946 BCX0\"> tenant apps, customer apps) is easy thanks to the API.<\/span><\/span><span class=\"EOP SCXW163362946 BCX0\" data-ccp-props=\"{&quot;201341983&quot;:0,&quot;335559739&quot;:160,&quot;335559740&quot;:279}\">\u00a0<\/span><\/p>\n<\/div>     \n                <\/div>\n                            <\/div>\n        <\/div>\n    <\/div>\n<\/section>\n\n<section id='app' class=\"text-image-module overflow-hidden bg-bg-default text-text-default\">\n    <div class=\"dark:!text-white dark:!bg-dark\">\n        <div class=\" px-xs   container py-md mx-auto text-image\">\n            <div class=\"typo-body mx-auto grid md:grid-cols-2 gap-x-10 align-left\">\n                <div class=\"text-image__image relative z-10 mb-0 \"> <img loading=\"lazy\" decoding=\"async\" width=\"800\" height=\"540\" src=\"https:\/\/www.kolula.com\/wp-content\/uploads\/2024\/08\/49497b24-0629-4b34-b6fa-8a431efb7d01.jpg\" class=\"z-10\" alt=\"\" srcset=\"https:\/\/www.kolula.com\/wp-content\/uploads\/2024\/08\/49497b24-0629-4b34-b6fa-8a431efb7d01.jpg 800w, https:\/\/www.kolula.com\/wp-content\/uploads\/2024\/08\/49497b24-0629-4b34-b6fa-8a431efb7d01-300x203.jpg 300w, https:\/\/www.kolula.com\/wp-content\/uploads\/2024\/08\/49497b24-0629-4b34-b6fa-8a431efb7d01-768x518.jpg 768w\" sizes=\"auto, (max-width: 800px) 100vw, 800px\" \/>                    \n                                    <\/div>\n                <div class=\"text-image__col1 py-4 lg:py-10 flex flex-col justify-center right\">\n                    <h2 class='headline-element align-left  mb-4 md:mb-8'>Web app for service operators <\/h2><div class='text-element align-left '><p><span class=\"TextRun SCXW114716661 BCX0\" lang=\"EN-US\" xml:lang=\"EN-US\" data-contrast=\"auto\"><span class=\"NormalTextRun SCXW114716661 BCX0\">The <\/span><span class=\"NormalTextRun SCXW114716661 BCX0\">kolula<\/span> <span class=\"NormalTextRun SCXW114716661 BCX0\">a<\/span><span class=\"NormalTextRun SCXW114716661 BCX0\">dmin app is the perfect tool for operating <\/span><span class=\"NormalTextRun SCXW114716661 BCX0\">s<\/span><span class=\"NormalTextRun SCXW114716661 BCX0\">mart <\/span><span class=\"NormalTextRun SCXW114716661 BCX0\">l<\/span><span class=\"NormalTextRun SCXW114716661 BCX0\">ocker systems. Service <\/span><span class=\"NormalTextRun SCXW114716661 BCX0\">employee<\/span><span class=\"NormalTextRun SCXW114716661 BCX0\">s<\/span> <span class=\"NormalTextRun SCXW114716661 BCX0\">use it to check, monitor and <\/span><span class=\"NormalTextRun SCXW114716661 BCX0\">maintain<\/span><span class=\"NormalTextRun SCXW114716661 BCX0\"> the respective stations on site and remotely. <\/span><span class=\"NormalTextRun SCXW114716661 BCX0\">It is also being used to check the status of lockers<\/span><span class=\"NormalTextRun SCXW114716661 BCX0\"> and open their doors if necessary.<\/span> <span class=\"NormalTextRun SCXW114716661 BCX0\">Problems reported by end users can be viewed. <\/span><span class=\"NormalTextRun SCXW114716661 BCX0\">In the event of<\/span><span class=\"NormalTextRun SCXW114716661 BCX0\"> damage, lockers can be directly blocked for further use.<\/span><\/span><span class=\"EOP SCXW114716661 BCX0\" data-ccp-props=\"{&quot;201341983&quot;:0,&quot;335559739&quot;:160,&quot;335559740&quot;:279}\">\u00a0<\/span><\/p>\n<\/div>     \n                <\/div>\n                            <\/div>\n        <\/div>\n    <\/div>\n<\/section>\n\n<section id='adminpanel' class=\"text-image-module overflow-hidden bg-bg-default text-text-default\">\n    <div class=\"dark:!text-white dark:!bg-dark\">\n        <div class=\" px-xs   container py-md mx-auto text-image\">\n            <div class=\"typo-body mx-auto grid md:grid-cols-2 gap-x-10 align-left\">\n                <div class=\"text-image__image relative z-10 mb-0 order-1 mt-4 md:mt-8\"> <img loading=\"lazy\" decoding=\"async\" width=\"800\" height=\"540\" src=\"https:\/\/www.kolula.com\/wp-content\/uploads\/2024\/08\/image002-2.png\" class=\"z-10\" alt=\"\" srcset=\"https:\/\/www.kolula.com\/wp-content\/uploads\/2024\/08\/image002-2.png 800w, https:\/\/www.kolula.com\/wp-content\/uploads\/2024\/08\/image002-2-300x203.png 300w, https:\/\/www.kolula.com\/wp-content\/uploads\/2024\/08\/image002-2-768x518.png 768w\" sizes=\"auto, (max-width: 800px) 100vw, 800px\" \/>                    \n                                    <\/div>\n                <div class=\"text-image__col1 py-4 lg:py-10 flex flex-col justify-center left\">\n                    <h2 class='headline-element align-left  mb-4 md:mb-8'>Admin portal for management <\/h2><div class='text-element align-left '><p><span data-contrast=\"auto\">The kolula admin portal combines the functionalities of the administration and booking system. With its help, managers can add and maintain stations, products and prices as well as access rights. It is also being used to manage transactions and customer data.<\/span><span data-ccp-props=\"{&quot;201341983&quot;:0,&quot;335559739&quot;:160,&quot;335559740&quot;:279}\">\u00a0<\/span><\/p>\n<\/div>     \n                <\/div>\n                            <\/div>\n        <\/div>\n    <\/div>\n<\/section>\n\n<section class=\"module-spacer bg-bg-default dark:!bg-dark pt-10 md:pt-14 xl:pt-20\">\n<\/section>\n\n\n<section class=\"contact-teaser max-w-screen-fhd mx-auto bg-secodary py-lg bg-bg-lila text-white\">\n    <div class=\"anchor\" id=\"acf-block-6633a4d5ec854\" ><\/div>\n    <div class=\"contact-teaser__wrapper flex flex-col md:flex-row gap-7 justify-center w-full\">\n                    <div class=\"contact-teaser__image flex justify-center items-center\">\n                <img loading=\"lazy\" decoding=\"async\" width=\"300\" height=\"200\" src=\"https:\/\/www.kolula.com\/wp-content\/uploads\/2024\/05\/priscilla-du-preez-BjhUu6BpUZA-unsplash-300x200.jpg\" class=\"w-52 h-52 rounded-full object-cover object-top ml-sm md:ml-0\" alt=\"Frau mit Handy in der Hand\" srcset=\"https:\/\/www.kolula.com\/wp-content\/uploads\/2024\/05\/priscilla-du-preez-BjhUu6BpUZA-unsplash-300x200.jpg 300w, https:\/\/www.kolula.com\/wp-content\/uploads\/2024\/05\/priscilla-du-preez-BjhUu6BpUZA-unsplash-1024x683.jpg 1024w, https:\/\/www.kolula.com\/wp-content\/uploads\/2024\/05\/priscilla-du-preez-BjhUu6BpUZA-unsplash-768x512.jpg 768w, https:\/\/www.kolula.com\/wp-content\/uploads\/2024\/05\/priscilla-du-preez-BjhUu6BpUZA-unsplash-1536x1024.jpg 1536w, https:\/\/www.kolula.com\/wp-content\/uploads\/2024\/05\/priscilla-du-preez-BjhUu6BpUZA-unsplash-2048x1365.jpg 2048w, https:\/\/www.kolula.com\/wp-content\/uploads\/2024\/05\/priscilla-du-preez-BjhUu6BpUZA-unsplash-1900x1267.jpg 1900w, https:\/\/www.kolula.com\/wp-content\/uploads\/2024\/05\/priscilla-du-preez-BjhUu6BpUZA-unsplash-1240x827.jpg 1240w\" sizes=\"auto, (max-width: 300px) 100vw, 300px\" \/>            <\/div>\n                <div class=\"contact-teaser__content flex flex-col p-xs xs:py-sm xs:pl-20 md:p-sm max-w-[515px]\">\n                            <div class=\"contact-teaser__content--headline heading-6\">\n                    <span class=\"font-bold\">Talk to us <\/span>\n                <\/div>\n                                        <div class=\"contact-teaser__content--name my-xs heading-6\">\n                    <span>b2b@kolula.com <\/span>\n                <\/div>\n                                        <div class=\"contact-teaser__content--button\">\n                            <a target=\"\" href=\"https:\/\/kolula.com\/en\/contact\/\" class=\"link-primary !text-white\">\n            Get in touch         <\/a>\n                        <\/div>\n                    <\/div>\n    <\/div>\n<\/section>","protected":false},"excerpt":{"rendered":"","protected":false},"author":8,"featured_media":0,"parent":0,"menu_order":0,"comment_status":"closed","ping_status":"closed","template":"","meta":{"_acf_changed":false,"footnotes":""},"class_list":["post-2365","page","type-page","status-publish","hentry"],"acf":[],"yoast_head":"<!-- This site is optimized with the Yoast SEO plugin v27.0 - https:\/\/yoast.com\/product\/yoast-seo-wordpress\/ -->\n<title>Software for smart locker systems<\/title>\n<meta name=\"description\" content=\"The kolula admin app is the perfect tool for operating smart locker systems. Service employees use it to check and maintain the respective stations.\" \/>\n<meta name=\"robots\" content=\"index, follow, max-snippet:-1, max-image-preview:large, max-video-preview:-1\" \/>\n<link rel=\"canonical\" href=\"https:\/\/www.kolula.com\/en\/software\/\" \/>\n<meta property=\"og:locale\" content=\"en_US\" \/>\n<meta property=\"og:type\" content=\"article\" \/>\n<meta property=\"og:title\" content=\"Software for smart locker systems\" \/>\n<meta property=\"og:description\" content=\"The kolula admin app is the perfect tool for operating smart locker systems. Service employees use it to check and maintain the respective stations.\" \/>\n<meta property=\"og:url\" content=\"https:\/\/www.kolula.com\/en\/software\/\" \/>\n<meta property=\"og:site_name\" content=\"kolula\" \/>\n<meta property=\"article:modified_time\" content=\"2025-12-10T09:30:39+00:00\" \/>\n<meta name=\"twitter:card\" content=\"summary_large_image\" \/>\n<script type=\"application\/ld+json\" class=\"yoast-schema-graph\">{\"@context\":\"https:\/\/schema.org\",\"@graph\":[{\"@type\":\"WebPage\",\"@id\":\"https:\/\/www.kolula.com\/en\/software\/\",\"url\":\"https:\/\/www.kolula.com\/en\/software\/\",\"name\":\"Software for smart locker systems\",\"isPartOf\":{\"@id\":\"https:\/\/www.kolula.com\/en\/#website\"},\"datePublished\":\"2024-04-15T16:48:16+00:00\",\"dateModified\":\"2025-12-10T09:30:39+00:00\",\"description\":\"The kolula admin app is the perfect tool for operating smart locker systems. Service employees use it to check and maintain the respective stations.\",\"breadcrumb\":{\"@id\":\"https:\/\/www.kolula.com\/en\/software\/#breadcrumb\"},\"inLanguage\":\"en-US\",\"potentialAction\":[{\"@type\":\"ReadAction\",\"target\":[\"https:\/\/www.kolula.com\/en\/software\/\"]}]},{\"@type\":\"BreadcrumbList\",\"@id\":\"https:\/\/www.kolula.com\/en\/software\/#breadcrumb\",\"itemListElement\":[{\"@type\":\"ListItem\",\"position\":1,\"name\":\"Home\",\"item\":\"https:\/\/www.kolula.com\/en\/\"},{\"@type\":\"ListItem\",\"position\":2,\"name\":\"Software\"}]},{\"@type\":\"WebSite\",\"@id\":\"https:\/\/www.kolula.com\/en\/#website\",\"url\":\"https:\/\/www.kolula.com\/en\/\",\"name\":\"kolula\",\"description\":\"\",\"potentialAction\":[{\"@type\":\"SearchAction\",\"target\":{\"@type\":\"EntryPoint\",\"urlTemplate\":\"https:\/\/www.kolula.com\/en\/?s={search_term_string}\"},\"query-input\":{\"@type\":\"PropertyValueSpecification\",\"valueRequired\":true,\"valueName\":\"search_term_string\"}}],\"inLanguage\":\"en-US\"}]}<\/script>\n<!-- \/ Yoast SEO plugin. -->","yoast_head_json":{"title":"Software for smart locker systems","description":"The kolula admin app is the perfect tool for operating smart locker systems. Service employees use it to check and maintain the respective stations.","robots":{"index":"index","follow":"follow","max-snippet":"max-snippet:-1","max-image-preview":"max-image-preview:large","max-video-preview":"max-video-preview:-1"},"canonical":"https:\/\/www.kolula.com\/en\/software\/","og_locale":"en_US","og_type":"article","og_title":"Software for smart locker systems","og_description":"The kolula admin app is the perfect tool for operating smart locker systems. Service employees use it to check and maintain the respective stations.","og_url":"https:\/\/www.kolula.com\/en\/software\/","og_site_name":"kolula","article_modified_time":"2025-12-10T09:30:39+00:00","twitter_card":"summary_large_image","schema":{"@context":"https:\/\/schema.org","@graph":[{"@type":"WebPage","@id":"https:\/\/www.kolula.com\/en\/software\/","url":"https:\/\/www.kolula.com\/en\/software\/","name":"Software for smart locker systems","isPartOf":{"@id":"https:\/\/www.kolula.com\/en\/#website"},"datePublished":"2024-04-15T16:48:16+00:00","dateModified":"2025-12-10T09:30:39+00:00","description":"The kolula admin app is the perfect tool for operating smart locker systems. Service employees use it to check and maintain the respective stations.","breadcrumb":{"@id":"https:\/\/www.kolula.com\/en\/software\/#breadcrumb"},"inLanguage":"en-US","potentialAction":[{"@type":"ReadAction","target":["https:\/\/www.kolula.com\/en\/software\/"]}]},{"@type":"BreadcrumbList","@id":"https:\/\/www.kolula.com\/en\/software\/#breadcrumb","itemListElement":[{"@type":"ListItem","position":1,"name":"Home","item":"https:\/\/www.kolula.com\/en\/"},{"@type":"ListItem","position":2,"name":"Software"}]},{"@type":"WebSite","@id":"https:\/\/www.kolula.com\/en\/#website","url":"https:\/\/www.kolula.com\/en\/","name":"kolula","description":"","potentialAction":[{"@type":"SearchAction","target":{"@type":"EntryPoint","urlTemplate":"https:\/\/www.kolula.com\/en\/?s={search_term_string}"},"query-input":{"@type":"PropertyValueSpecification","valueRequired":true,"valueName":"search_term_string"}}],"inLanguage":"en-US"}]}},"_links":{"self":[{"href":"https:\/\/www.kolula.com\/en\/wp-json\/wp\/v2\/pages\/2365","targetHints":{"allow":["GET"]}}],"collection":[{"href":"https:\/\/www.kolula.com\/en\/wp-json\/wp\/v2\/pages"}],"about":[{"href":"https:\/\/www.kolula.com\/en\/wp-json\/wp\/v2\/types\/page"}],"author":[{"embeddable":true,"href":"https:\/\/www.kolula.com\/en\/wp-json\/wp\/v2\/users\/8"}],"replies":[{"embeddable":true,"href":"https:\/\/www.kolula.com\/en\/wp-json\/wp\/v2\/comments?post=2365"}],"version-history":[{"count":5,"href":"https:\/\/www.kolula.com\/en\/wp-json\/wp\/v2\/pages\/2365\/revisions"}],"predecessor-version":[{"id":3355,"href":"https:\/\/www.kolula.com\/en\/wp-json\/wp\/v2\/pages\/2365\/revisions\/3355"}],"wp:attachment":[{"href":"https:\/\/www.kolula.com\/en\/wp-json\/wp\/v2\/media?parent=2365"}],"curies":[{"name":"wp","href":"https:\/\/api.w.org\/{rel}","templated":true}]}}